{"id":322,"date":"2018-06-08T14:14:34","date_gmt":"2018-06-08T12:14:34","guid":{"rendered":"http:\/\/nova.grauvila.com\/botifarres-i-salsitxes\/"},"modified":"2018-08-30T10:12:09","modified_gmt":"2018-08-30T08:12:09","slug":"butifarras-y-salchichas","status":"publish","type":"page","link":"https:\/\/grauvila.com\/es\/nuestros-embutidos\/butifarras-y-salchichas\/","title":{"rendered":"Butifarras y salchichas"},"content":{"rendered":"<p>En GrauVila elaboramos las morcillas y las salchichas con una tradicional receta desde hace m\u00e1s de 30 a\u00f1os; a\u00fan as\u00ed, hemos ido mejorando la f\u00f3rmula y el procedimiento para obtener cada vez productos m\u00e1s sanos y respetuosos con las dietas saludables.<br \/>\nDel mismo modo, fruto de un proceso interno de innovaci\u00f3n, hemos desarrollado nuevas f\u00f3rmulas con maridajes que est\u00e1n entrando con mucha fuerza en los lineales de diferentes charcuter\u00edas.<br \/>\nContentos con esta evoluci\u00f3n y la nueva gama de productos, avanzamos hacia unas nuevas l\u00edneas de producci\u00f3n que nos permiten seguir evolucionando a\u00f1o tras a\u00f1o.<\/p>\n","protected":false},"excerpt":{"rendered":"<p>En GrauVila elaboramos las morcillas y las salchichas con una tradicional receta desde hace m\u00e1s de 30 a\u00f1os; a\u00fan as\u00ed, hemos ido mejorando la f\u00f3rmula y el procedimiento para obtener cada vez productos m\u00e1s sanos y respetuosos con las dietas saludables. Del mismo modo, fruto de un proceso interno de innovaci\u00f3n, hemos desarrollado nuevas f\u00f3rmulas &hellip; <\/p>\n<p class=\"link-more\"><a href=\"https:\/\/grauvila.com\/es\/nuestros-embutidos\/butifarras-y-salchichas\/\" class=\"more-link\">Continuar leyendo<span class=\"screen-reader-text\"> \u00abButifarras y salchichas\u00bb<\/span><\/a><\/p>\n","protected":false},"author":1,"featured_media":0,"parent":332,"menu_order":0,"comment_status":"closed","ping_status":"closed","template":"page-embotits-dins.php","meta":{"_acf_changed":false,"footnotes":""},"class_list":["post-322","page","type-page","status-publish","hentry"],"acf":[],"_links":{"self":[{"href":"https:\/\/grauvila.com\/es\/wp-json\/wp\/v2\/pages\/322","targetHints":{"allow":["GET"]}}],"collection":[{"href":"https:\/\/grauvila.com\/es\/wp-json\/wp\/v2\/pages"}],"about":[{"href":"https:\/\/grauvila.com\/es\/wp-json\/wp\/v2\/types\/page"}],"author":[{"embeddable":true,"href":"https:\/\/grauvila.com\/es\/wp-json\/wp\/v2\/users\/1"}],"replies":[{"embeddable":true,"href":"https:\/\/grauvila.com\/es\/wp-json\/wp\/v2\/comments?post=322"}],"version-history":[{"count":8,"href":"https:\/\/grauvila.com\/es\/wp-json\/wp\/v2\/pages\/322\/revisions"}],"predecessor-version":[{"id":561,"href":"https:\/\/grauvila.com\/es\/wp-json\/wp\/v2\/pages\/322\/revisions\/561"}],"up":[{"embeddable":true,"href":"https:\/\/grauvila.com\/es\/wp-json\/wp\/v2\/pages\/332"}],"wp:attachment":[{"href":"https:\/\/grauvila.com\/es\/wp-json\/wp\/v2\/media?parent=322"}],"curies":[{"name":"wp","href":"https:\/\/api.w.org\/{rel}","templated":true}]}}