{"id":323,"date":"2018-06-08T11:29:17","date_gmt":"2018-06-08T09:29:17","guid":{"rendered":"http:\/\/nova.grauvila.com\/pates\/"},"modified":"2018-08-30T11:20:07","modified_gmt":"2018-08-30T09:20:07","slug":"pates","status":"publish","type":"page","link":"https:\/\/grauvila.com\/es\/nuestros-embutidos\/pates\/","title":{"rendered":"Pat\u00e9s"},"content":{"rendered":"<p>Los pat\u00e9s GrauVila se diferencian de las otras opciones del mercado por su cuidado proceso de producci\u00f3n.<br \/>\nCon las materias primas de mayor calidad y con los procesos tecnol\u00f3gicos m\u00e1s innovadores y certificados, GrauVila elabora un producto final con todas las garant\u00edas alimentarias que exige el sector.<br \/>\nDisponemos de diferentes referencias para ofrecer a nuestros clientes y consumidores: las tablas de pat\u00e9s m\u00e1s sabrosas y de m\u00e1s calidad del mercado.<\/p>\n","protected":false},"excerpt":{"rendered":"<p>Los pat\u00e9s GrauVila se diferencian de las otras opciones del mercado por su cuidado proceso de producci\u00f3n. Con las materias primas de mayor calidad y con los procesos tecnol\u00f3gicos m\u00e1s innovadores y certificados, GrauVila elabora un producto final con todas las garant\u00edas alimentarias que exige el sector. Disponemos de diferentes referencias para ofrecer a nuestros &hellip; <\/p>\n<p class=\"link-more\"><a href=\"https:\/\/grauvila.com\/es\/nuestros-embutidos\/pates\/\" class=\"more-link\">Continuar leyendo<span class=\"screen-reader-text\"> \u00abPat\u00e9s\u00bb<\/span><\/a><\/p>\n","protected":false},"author":1,"featured_media":0,"parent":332,"menu_order":0,"comment_status":"closed","ping_status":"closed","template":"page-embotits-dins.php","meta":{"_acf_changed":false,"footnotes":""},"class_list":["post-323","page","type-page","status-publish","hentry"],"acf":[],"_links":{"self":[{"href":"https:\/\/grauvila.com\/es\/wp-json\/wp\/v2\/pages\/323","targetHints":{"allow":["GET"]}}],"collection":[{"href":"https:\/\/grauvila.com\/es\/wp-json\/wp\/v2\/pages"}],"about":[{"href":"https:\/\/grauvila.com\/es\/wp-json\/wp\/v2\/types\/page"}],"author":[{"embeddable":true,"href":"https:\/\/grauvila.com\/es\/wp-json\/wp\/v2\/users\/1"}],"replies":[{"embeddable":true,"href":"https:\/\/grauvila.com\/es\/wp-json\/wp\/v2\/comments?post=323"}],"version-history":[{"count":5,"href":"https:\/\/grauvila.com\/es\/wp-json\/wp\/v2\/pages\/323\/revisions"}],"predecessor-version":[{"id":570,"href":"https:\/\/grauvila.com\/es\/wp-json\/wp\/v2\/pages\/323\/revisions\/570"}],"up":[{"embeddable":true,"href":"https:\/\/grauvila.com\/es\/wp-json\/wp\/v2\/pages\/332"}],"wp:attachment":[{"href":"https:\/\/grauvila.com\/es\/wp-json\/wp\/v2\/media?parent=323"}],"curies":[{"name":"wp","href":"https:\/\/api.w.org\/{rel}","templated":true}]}}