{"id":325,"date":"2018-06-08T11:10:43","date_gmt":"2018-06-08T09:10:43","guid":{"rendered":"http:\/\/nova.grauvila.com\/frankfurts\/"},"modified":"2018-08-30T10:50:28","modified_gmt":"2018-08-30T08:50:28","slug":"frankfurts","status":"publish","type":"page","link":"https:\/\/grauvila.com\/es\/nuestros-embutidos\/frankfurts\/","title":{"rendered":"Frankfurts"},"content":{"rendered":"<p>GrauVila elabora salchichas de Frankfurt para todos los gustos, de diferentes tama\u00f1os, gramajes y variedades.\u00a0 Son perfectos para aperitivos o para disfrutar del cl\u00e1sico bocadillo de las fiestas t\u00edpicas de las regiones b\u00e1varas del norte de Europa.<br \/>\nDesde la variedad m\u00e1s tradicional a la m\u00e1s innovadora, nuestras salchichas de Frankfurt cuentan siempre con la calidad y la garant\u00eda que ofrece GrauVila en todos sus productos.<\/p>\n","protected":false},"excerpt":{"rendered":"<p>GrauVila elabora salchichas de Frankfurt para todos los gustos, de diferentes tama\u00f1os, gramajes y variedades.\u00a0 Son perfectos para aperitivos o para disfrutar del cl\u00e1sico bocadillo de las fiestas t\u00edpicas de las regiones b\u00e1varas del norte de Europa. Desde la variedad m\u00e1s tradicional a la m\u00e1s innovadora, nuestras salchichas de Frankfurt cuentan siempre con la calidad &hellip; <\/p>\n<p class=\"link-more\"><a href=\"https:\/\/grauvila.com\/es\/nuestros-embutidos\/frankfurts\/\" class=\"more-link\">Continuar leyendo<span class=\"screen-reader-text\"> \u00abFrankfurts\u00bb<\/span><\/a><\/p>\n","protected":false},"author":1,"featured_media":0,"parent":332,"menu_order":0,"comment_status":"closed","ping_status":"closed","template":"page-embotits-dins.php","meta":{"_acf_changed":false,"footnotes":""},"class_list":["post-325","page","type-page","status-publish","hentry"],"acf":[],"_links":{"self":[{"href":"https:\/\/grauvila.com\/es\/wp-json\/wp\/v2\/pages\/325","targetHints":{"allow":["GET"]}}],"collection":[{"href":"https:\/\/grauvila.com\/es\/wp-json\/wp\/v2\/pages"}],"about":[{"href":"https:\/\/grauvila.com\/es\/wp-json\/wp\/v2\/types\/page"}],"author":[{"embeddable":true,"href":"https:\/\/grauvila.com\/es\/wp-json\/wp\/v2\/users\/1"}],"replies":[{"embeddable":true,"href":"https:\/\/grauvila.com\/es\/wp-json\/wp\/v2\/comments?post=325"}],"version-history":[{"count":7,"href":"https:\/\/grauvila.com\/es\/wp-json\/wp\/v2\/pages\/325\/revisions"}],"predecessor-version":[{"id":565,"href":"https:\/\/grauvila.com\/es\/wp-json\/wp\/v2\/pages\/325\/revisions\/565"}],"up":[{"embeddable":true,"href":"https:\/\/grauvila.com\/es\/wp-json\/wp\/v2\/pages\/332"}],"wp:attachment":[{"href":"https:\/\/grauvila.com\/es\/wp-json\/wp\/v2\/media?parent=325"}],"curies":[{"name":"wp","href":"https:\/\/api.w.org\/{rel}","templated":true}]}}