{"id":327,"date":"2018-06-08T10:33:32","date_gmt":"2018-06-08T08:33:32","guid":{"rendered":"http:\/\/nova.grauvila.com\/botifarrons-i-xoricos\/"},"modified":"2018-08-30T11:13:28","modified_gmt":"2018-08-30T09:13:28","slug":"morcillas-y-chorizos","status":"publish","type":"page","link":"https:\/\/grauvila.com\/es\/nuestros-embutidos\/morcillas-y-chorizos\/","title":{"rendered":"Morcillas y chorizos"},"content":{"rendered":"<p>Las morcillas y chorizos que elaboramos en GrauVila mantienen los gustos y la esencia de la tradici\u00f3n gracias a las t\u00e9cnicas m\u00e1s modernas en la elaboraci\u00f3n y en los procesos de calidad.<br \/>\nOfrecemos diferentes tipos de productos elaborados semanalmente para satisfacer la demanda y el gusto de los clientes m\u00e1s exigentes.<\/p>\n","protected":false},"excerpt":{"rendered":"<p>Las morcillas y chorizos que elaboramos en GrauVila mantienen los gustos y la esencia de la tradici\u00f3n gracias a las t\u00e9cnicas m\u00e1s modernas en la elaboraci\u00f3n y en los procesos de calidad. Ofrecemos diferentes tipos de productos elaborados semanalmente para satisfacer la demanda y el gusto de los clientes m\u00e1s exigentes.<\/p>\n","protected":false},"author":1,"featured_media":0,"parent":332,"menu_order":0,"comment_status":"closed","ping_status":"closed","template":"page-embotits-dins.php","meta":{"_acf_changed":false,"footnotes":""},"class_list":["post-327","page","type-page","status-publish","hentry"],"acf":[],"_links":{"self":[{"href":"https:\/\/grauvila.com\/es\/wp-json\/wp\/v2\/pages\/327","targetHints":{"allow":["GET"]}}],"collection":[{"href":"https:\/\/grauvila.com\/es\/wp-json\/wp\/v2\/pages"}],"about":[{"href":"https:\/\/grauvila.com\/es\/wp-json\/wp\/v2\/types\/page"}],"author":[{"embeddable":true,"href":"https:\/\/grauvila.com\/es\/wp-json\/wp\/v2\/users\/1"}],"replies":[{"embeddable":true,"href":"https:\/\/grauvila.com\/es\/wp-json\/wp\/v2\/comments?post=327"}],"version-history":[{"count":7,"href":"https:\/\/grauvila.com\/es\/wp-json\/wp\/v2\/pages\/327\/revisions"}],"predecessor-version":[{"id":568,"href":"https:\/\/grauvila.com\/es\/wp-json\/wp\/v2\/pages\/327\/revisions\/568"}],"up":[{"embeddable":true,"href":"https:\/\/grauvila.com\/es\/wp-json\/wp\/v2\/pages\/332"}],"wp:attachment":[{"href":"https:\/\/grauvila.com\/es\/wp-json\/wp\/v2\/media?parent=327"}],"curies":[{"name":"wp","href":"https:\/\/api.w.org\/{rel}","templated":true}]}}