{"id":333,"date":"2018-05-30T11:21:21","date_gmt":"2018-05-30T09:21:21","guid":{"rendered":"http:\/\/nova.grauvila.com\/qualitat\/"},"modified":"2018-08-16T19:32:02","modified_gmt":"2018-08-16T17:32:02","slug":"calidad","status":"publish","type":"page","link":"https:\/\/grauvila.com\/es\/calidad\/","title":{"rendered":"Calidad"},"content":{"rendered":"<p>La calidad es nuestra principal premisa.<br \/>\nNos distingue la calidad en los productos, la calidad en los procesos y la calidad en el trato con nuestros clientes y, por supuesto, tambi\u00e9n con nuestros trabajadores.<br \/>\nFomentamos los buenos h\u00e1bitos, saludables y de confianza en todos nuestros procesos productivos y de gesti\u00f3n.<br \/>\nDesde nuestros campos pasando por las granjas, el obrador, hasta llegar a nuestros clientes, garantizamos una cadena de valor que apuesta, por encima de todo, por los valores y el compromiso de las cosas bien hechas; como antes, como ahora, como siempre.<\/p>\n","protected":false},"excerpt":{"rendered":"<p>La calidad es nuestra principal premisa. Nos distingue la calidad en los productos, la calidad en los procesos y la calidad en el trato con nuestros clientes y, por supuesto, tambi\u00e9n con nuestros trabajadores. Fomentamos los buenos h\u00e1bitos, saludables y de confianza en todos nuestros procesos productivos y de gesti\u00f3n. Desde nuestros campos pasando por &hellip; <\/p>\n<p class=\"link-more\"><a href=\"https:\/\/grauvila.com\/es\/calidad\/\" class=\"more-link\">Continuar leyendo<span class=\"screen-reader-text\"> \u00abCalidad\u00bb<\/span><\/a><\/p>\n","protected":false},"author":1,"featured_media":0,"parent":0,"menu_order":0,"comment_status":"closed","ping_status":"closed","template":"page-qualitat.php","meta":{"_acf_changed":false,"footnotes":""},"class_list":["post-333","page","type-page","status-publish","hentry"],"acf":[],"_links":{"self":[{"href":"https:\/\/grauvila.com\/es\/wp-json\/wp\/v2\/pages\/333","targetHints":{"allow":["GET"]}}],"collection":[{"href":"https:\/\/grauvila.com\/es\/wp-json\/wp\/v2\/pages"}],"about":[{"href":"https:\/\/grauvila.com\/es\/wp-json\/wp\/v2\/types\/page"}],"author":[{"embeddable":true,"href":"https:\/\/grauvila.com\/es\/wp-json\/wp\/v2\/users\/1"}],"replies":[{"embeddable":true,"href":"https:\/\/grauvila.com\/es\/wp-json\/wp\/v2\/comments?post=333"}],"version-history":[{"count":21,"href":"https:\/\/grauvila.com\/es\/wp-json\/wp\/v2\/pages\/333\/revisions"}],"predecessor-version":[{"id":549,"href":"https:\/\/grauvila.com\/es\/wp-json\/wp\/v2\/pages\/333\/revisions\/549"}],"wp:attachment":[{"href":"https:\/\/grauvila.com\/es\/wp-json\/wp\/v2\/media?parent=333"}],"curies":[{"name":"wp","href":"https:\/\/api.w.org\/{rel}","templated":true}]}}