{"id":334,"date":"2018-05-30T11:19:42","date_gmt":"2018-05-30T09:19:42","guid":{"rendered":"http:\/\/nova.grauvila.com\/grau-vila\/"},"modified":"2021-03-03T12:58:49","modified_gmt":"2021-03-03T10:58:49","slug":"embutidos-artesanales-grauvila","status":"publish","type":"page","link":"https:\/\/grauvila.com\/es\/embutidos-artesanales-grauvila\/","title":{"rendered":"Embutidos artesanales Grauvila"},"content":{"rendered":"<h3>HISTORIA Y OR\u00cdGENES<\/h3>\n<p>Desde que Isidro Grau comenz\u00f3 con un peque\u00f1o obrador de embutidos artesanos en 1960 hasta la ampliaci\u00f3n a la actual planta de Santiga, el mercado ha premiado cada vez m\u00e1s la calidad y la profesionalidad de nuestra empresa.<\/p>\n<p>Con la llegada de la globalizaci\u00f3n, GRAU introdujo un cambio en la estrategia. En el a\u00f1o 2003 comenzaron los primeros contactos con un reconocido productor de porcino, GRUP D&#8217;EMPRESES SALVI, iniciando as\u00ed un proceso de integraci\u00f3n vertical que dio lugar al nacimiento de EMBOTITS ARTESANS GRAUVILA.<\/p>\n<p>En\u00a0GrauVila desarrollamos nuestra actividad elaborando productos de calidad que evocan la forma de trabajar particular que conservamos desde nuestros or\u00edgenes. Todav\u00eda hoy, los or\u00edgenes m\u00e1s artesanales son f\u00e1cilmente visibles en nuestro obrador y los valores m\u00e1s tradicionales son claramente transmitidos con nuestra forma de trabajar en un espacio que conserva un fuerte arraigo a la tradici\u00f3n.<\/p>\n<p>Desde nuestros or\u00edgenes hasta hoy, continuamos con la vocaci\u00f3n de ofrecer la mejor calidad a nuestros clientes, trabajando con seriedad y con la mirada puesta en el futuro, con la convicci\u00f3n de que cada vez ser\u00e1n m\u00e1s los que seguir\u00e1n creciendo con nosotros.<\/p>\n<h3>ACTUALIDAD<\/h3>\n<p>La filosof\u00eda de los inicios de GrauVila ha perdurado en el tiempo y es lo que hoy nos permite obtener los mejores frutos y un amplio reconocimiento dentro del sector de la charcuter\u00eda de calidad.<\/p>\n<p>Actualmente, la calidad de los productos y su particular proceso de\u00a0elaboraci\u00f3n artesanal hacen de GrauVila una empresa destacada dentro de su sector. La elaboraci\u00f3n de productos artesanales, tradicionales y con el sabor de siempre son las directrices a partir de las cuales elaboramos los\u00a0embutidos\u00a0m\u00e1s sabrosos. Adem\u00e1s, el hecho de disponer de granjas propias y de ejercer un control sobre la cr\u00eda y el engorde de nuestro ganado nos permite llevar a cabo un seguimiento de los productos de principio a fin.<\/p>\n<p>En GrauVila encontramos el equilibrio adecuado entre la tradici\u00f3n y la innovaci\u00f3n, y por esta raz\u00f3n, fusionamos valores tradicionales con los procesos m\u00e1s innovadores obteniendo como resultado los productos m\u00e1s selectos para los paladares m\u00e1s exigentes.<\/p>\n<p>Siempre con el objetivo de ofrecer un producto de calidad, en\u00a0GrauVila tomamos las medidas higi\u00e9nicas adecuadas en todo el conjunto de espacios y procesos que llevamos a cabo. Es por esta raz\u00f3n que nuestros procesos de elaboraci\u00f3n de los productos est\u00e1n sometidos peri\u00f3dicamente a estrictos controles de calidad. S\u00f3lo as\u00ed podemos garantizar los mejores productos de charcuter\u00eda, con el mejor sabor.<\/p>\n","protected":false},"excerpt":{"rendered":"<p>HISTORIA Y OR\u00cdGENES Desde que Isidro Grau comenz\u00f3 con un peque\u00f1o obrador de embutidos artesanos en 1960 hasta la ampliaci\u00f3n a la actual planta de Santiga, el mercado ha premiado cada vez m\u00e1s la calidad y la profesionalidad de nuestra empresa. Con la llegada de la globalizaci\u00f3n, GRAU introdujo un cambio en la estrategia. En &hellip; <\/p>\n<p class=\"link-more\"><a href=\"https:\/\/grauvila.com\/es\/embutidos-artesanales-grauvila\/\" class=\"more-link\">Continuar leyendo<span class=\"screen-reader-text\"> \u00abEmbutidos artesanales Grauvila\u00bb<\/span><\/a><\/p>\n","protected":false},"author":1,"featured_media":0,"parent":0,"menu_order":0,"comment_status":"closed","ping_status":"closed","template":"","meta":{"_acf_changed":false,"footnotes":""},"class_list":["post-334","page","type-page","status-publish","hentry"],"acf":[],"_links":{"self":[{"href":"https:\/\/grauvila.com\/es\/wp-json\/wp\/v2\/pages\/334","targetHints":{"allow":["GET"]}}],"collection":[{"href":"https:\/\/grauvila.com\/es\/wp-json\/wp\/v2\/pages"}],"about":[{"href":"https:\/\/grauvila.com\/es\/wp-json\/wp\/v2\/types\/page"}],"author":[{"embeddable":true,"href":"https:\/\/grauvila.com\/es\/wp-json\/wp\/v2\/users\/1"}],"replies":[{"embeddable":true,"href":"https:\/\/grauvila.com\/es\/wp-json\/wp\/v2\/comments?post=334"}],"version-history":[{"count":7,"href":"https:\/\/grauvila.com\/es\/wp-json\/wp\/v2\/pages\/334\/revisions"}],"predecessor-version":[{"id":617,"href":"https:\/\/grauvila.com\/es\/wp-json\/wp\/v2\/pages\/334\/revisions\/617"}],"wp:attachment":[{"href":"https:\/\/grauvila.com\/es\/wp-json\/wp\/v2\/media?parent=334"}],"curies":[{"name":"wp","href":"https:\/\/api.w.org\/{rel}","templated":true}]}}