{"id":432,"date":"2018-06-12T13:00:47","date_gmt":"2018-06-12T11:00:47","guid":{"rendered":"http:\/\/nova.grauvila.com\/politica-de-privacitat\/"},"modified":"2021-03-04T12:10:28","modified_gmt":"2021-03-04T10:10:28","slug":"politica-de-privacidad","status":"publish","type":"page","link":"https:\/\/grauvila.com\/es\/politica-de-privacidad\/","title":{"rendered":"Pol\u00edtica de privacidad"},"content":{"rendered":"<p><strong>Responsable del Tratamiento<\/strong><\/p>\n<p>La empresa responsable del tratamiento de sus datos en virtud de esta Pol\u00edtica de privacidad es:<\/p>\n<p>EMBOTITS ARTESANS GRAU-VILA, S.L.U.<br \/>\nNIF: B63821920<br \/>\nDomicilio: Puig dels Tudons, PI Santig, 1 &#8211; nave 83 08210 BARBER\u00c0 DEL VALL\u00c8S (Barcelona)<br \/>\nDirecci\u00f3n de correo electr\u00f3nico: grauvila@grauvila.com<br \/>\nWeb: http:\/\/grauvila.com\/<br \/>\nTel\u00e9fono: 937293270<br \/>\nInscrita en el Registro Mercantil de Barcelona, Tomo 37474, Folio 0180, H.B. 300355<\/p>\n<p>En EMBOTITS ARTESANS GRAU-VILA, S.L.U., reconocemos la importancia de proteger su informaci\u00f3n personal y estamos comprometidos a tratarla con responsabilidad y en conformidad con las leyes de protecci\u00f3n de datos.<\/p>\n<p>La presente pol\u00edtica de privacidad pretende regular todos los aspectos relativos al tratamiento de datos de los diferentes usuarios que navegan o facilitan sus a trav\u00e9s de los diferentes formularios situados en la web.<\/p>\n<p><strong>Datos personales<\/strong><\/p>\n<p>Un dato personal, es la informaci\u00f3n que lo identifica o lo hace identificable. A trav\u00e9s de la web, en las casillas establecidas a tal efecto recogemos los datos personales que el usuario nos comunica: Nombre, apellidos, correo electr\u00f3nico, tel\u00e9fono, direcci\u00f3n postal, poblaci\u00f3n, etc. as\u00ed como todos aquellos datos que voluntariamente nos proporcione a trav\u00e9s de cualquier de las redes sociales de las cuales el usuario est\u00e1 registrado. En este caso, la privacidad depender\u00e1 de la configuraci\u00f3n establecida por el mismo usuario as\u00ed como de los t\u00e9rminos y condiciones de la propia red social.<\/p>\n<p>La visita del usuario a la web no implica que tenga que facilitar ninguna informaci\u00f3n sobre sus datos personales. Sin embargo, en caso de facilitarlas, los datos ser\u00e1n tratados de forma l\u00edcita de conformidad en todo momento a los principios y derechos recogidos en el RGPD 2016\/679 de 26 de abril y la LOPDGDD 3\/2018 del 5 de diciembre.<\/p>\n<p><strong>Finalidad, duraci\u00f3n y legitimaci\u00f3n del tratamiento<\/strong><\/p>\n<p>Los datos que el usuario nos proporcione las trataremos con las siguientes finalidades:<\/p>\n<ul>\n<li>Atender la solicitud o petici\u00f3n realizada por el usuario a trav\u00e9s del formulario de contacto situado a la web. Recogemos y tratamos los datos personales del usuario para poder tramitar y gestionar su solicitud, una consulta o cualquier petici\u00f3n que realiza a trav\u00e9s del formulario. Estos datos las conservamos durante el tiempo necesario para cumplir su petici\u00f3n y durante el tiempo establecido por la ley con una duraci\u00f3n m\u00ednima de 3 a\u00f1os.<\/li>\n<\/ul>\n<p>La base de legitimaci\u00f3n del tratamiento de los datos ser\u00e1 el consentimiento que otorga el usuario al seleccionar la casilla de aceptaci\u00f3n de nuestra pol\u00edtica de privacidad antes de enviar la petici\u00f3n. El usuario tiene derecho a revocar su consentimiento en cualquier momento sin que esto afecte la licitud del tratamiento basado en el consentimiento previo a su retirada.<\/p>\n<ul>\n<li>Mejorar su experiencia al navegar por la web. Estos datos los conservaremos mientras el usuario no revoque su consentimiento al tratamiento de estas eliminando las cookies y durante el tiempo establecido por la ley con una duraci\u00f3n m\u00ednima de 3 a\u00f1os.<\/li>\n<\/ul>\n<p>La base de legitimaci\u00f3n para mejorar su experiencia al navegar por la web es el consentimiento que otorga el usuario al aceptar las cookies. El usuario tiene derecho a revocar su consentimiento en cualquier momento sin que esto afecte la licitud del tratamiento basado en el consentimiento previo a su retirada.<\/p>\n<p><strong>Cesi\u00f3n o comunicaci\u00f3n de datos personales y transferencias internacionales<\/strong><\/p>\n<p>Sus datos no se comunicar\u00e1n ni ser\u00e1n cedidas a terceros salvo que exista alguna obligaci\u00f3n legal o en aquellos prestamistas vinculados al Responsable que act\u00faan como encargados del tratamiento.<br \/>\nNo se realizan transferencias internacionales, en caso que en alg\u00fan momento pudieran realizarse, se le comunicar\u00eda a fin de obtener su consentimiento.<\/p>\n<p><b>Actualizaci\u00f3n<\/b><strong>\u00a0de datos<\/strong><\/p>\n<p>Es importante para que podamos mantener los datos personales actualizados, que el usuario nos informe siempre que haya habido alguna modificaci\u00f3n en estas, en caso contrario, no respondemos de la veracidad de estas.<br \/>\nEl usuario garantiza que los datos personales facilitados son veraces garantizando que toda la informaci\u00f3n facilitada corresponde con la situaci\u00f3n real, que est\u00e1 puesta al d\u00eda y es exacta, quedando obligado a comunicar cualquier modificaci\u00f3n.<\/p>\n<p><strong>Datos de terceros<\/strong><\/p>\n<p>Si el usuario facilita datos de terceras personas para cualquier finalidad a EMBOTITS ARTESANS GRAU-VILA, S.L.U., garantiza que ha obtenido estos datos de forma l\u00edcita, que ha informado previamente los afectados, obteniendo su consentimiento para comunicarlas y que la informaci\u00f3n facilitada es exacta y veraz.<\/p>\n<div><strong>Car\u00e1cter obligatorio de la informaci\u00f3n solicitada<\/strong><\/div>\n<div class=\"traductor-textarea form-group\">\n<div class=\"textarea-desti col-xs-12 col-sm-6\">\n<div><\/div>\n<\/div>\n<\/div>\n<p>Todos nuestros formularios cuentan con un asterisco (*) en los datos obligatorios. Si el usuario no llena estos campos, o no marca la casilla de aceptaci\u00f3n de la pol\u00edtica de privacidad, no se permitir\u00e1 el env\u00edo de la informaci\u00f3n.<\/p>\n<div><strong>Derechos de los interesados<\/strong><\/div>\n<div class=\"traductor-textarea form-group\">\n<div class=\"textarea-desti col-xs-12 col-sm-6\">\n<div><\/div>\n<\/div>\n<\/div>\n<p>Tiene derecho a acceder a sus datos y a obtener confirmaci\u00f3n sobre su tratamiento, as\u00ed como una copia de los datos personales objeto de tratamiento. Tiene derecho a actualizarlas y a solicitar la rectificaci\u00f3n de los datos que sean inexactos o solicitar la supresi\u00f3n cuando los datos no sean necesarias para las finalidades por las cuales fueron recaudadas. Puede solicitar la limitaci\u00f3n en el tratamiento de sus datos y oponerse al tratamiento de estas revocando su consentimiento, as\u00ed como ejercer el derecho en la portabilidad de los datos. Del mismo modo, tiene derecho a no ser objeto de decisiones basadas \u00fanicamente en el tratamiento automatizado de sus datos personales. Puede ejercer sus derechos contactando con nosotros: Puig dels Tudons, PI Santiga, 1 nave 83 &#8211; 08210 BARBER\u00c0 DEL VALL\u00c8S (Barcelona). Email: grauvila@grauvila.com<\/p>\n<p>Si considera que sus derechos no se han atendido debidamente, tiene derecho a presentar una reclamaci\u00f3n ante la autoridad de control a www.aepd.es<\/p>\n<div><strong>Tratamiento de datos de Menores de edad<\/strong><\/div>\n<div class=\"traductor-textarea form-group\">\n<div class=\"textarea-desti col-xs-12 col-sm-6\">\n<div><\/div>\n<\/div>\n<\/div>\n<p>Qui\u00e9n facilita los datos a trav\u00e9s de los formularios de esta web y acepta su tratamiento declara ser mayor de 14 a\u00f1os, quedando prohibido el acceso y uso del portal a menores de esta edad. Si en alg\u00fan momento, el Responsable detecta que un menor de 14 a\u00f1os ha proporcionado datos de car\u00e1cter personal, procederemos a la cancelaci\u00f3n de estas. As\u00ed mismo, los padres o tutores podr\u00e1n en cualquier caso dirigirse a EMBOTITS ARTESANS GRAU-VILA, S.L.U. para bloquear la cuenta de acceso de los menores a su cargo que se hubieran registrado falseando su identidad.<\/p>\n<p><strong>Tratamiento de Cookies<\/strong><\/p>\n<p>Una\u00a0cookie\u00a0es un peque\u00f1o archivo que se descarga y almacena en el ordenador del usuario cuando este accede en una p\u00e1gina web. Las cookies permiten en la web, entre otras cosas, almacenar y recuperar informaci\u00f3n sobre los h\u00e1bitos de navegaci\u00f3n del usuario o de su equipo y, dependiendo de la informaci\u00f3n que contengan y de la forma en que utilice su equipo, pueden utilizarse para reconocer al usuario.<br \/>\nEl usuario tiene la opci\u00f3n de impedir la generaci\u00f3n de cookies, mediante la selecci\u00f3n de la correspondiente opci\u00f3n en su programa de navegador. Puede obtener m\u00e1s informaci\u00f3n leyendo la nuestra\u00a0<a href=\"http:\/\/grauvila.com\/es\/politica-de-cookies\/\"><strong><u>Pol\u00edtica de Cookies<\/u><\/strong><\/a><strong>.<\/strong><\/p>\n","protected":false},"excerpt":{"rendered":"<p>Responsable del Tratamiento La empresa responsable del tratamiento de sus datos en virtud de esta Pol\u00edtica de privacidad es: EMBOTITS ARTESANS GRAU-VILA, S.L.U. NIF: B63821920 Domicilio: Puig dels Tudons, PI Santig, 1 &#8211; nave 83 08210 BARBER\u00c0 DEL VALL\u00c8S (Barcelona) Direcci\u00f3n de correo electr\u00f3nico: grauvila@grauvila.com Web: http:\/\/grauvila.com\/ Tel\u00e9fono: 937293270 Inscrita en el Registro Mercantil de &hellip; <\/p>\n<p class=\"link-more\"><a href=\"https:\/\/grauvila.com\/es\/politica-de-privacidad\/\" class=\"more-link\">Continuar leyendo<span class=\"screen-reader-text\"> \u00abPol\u00edtica de privacidad\u00bb<\/span><\/a><\/p>\n","protected":false},"author":1,"featured_media":0,"parent":0,"menu_order":0,"comment_status":"closed","ping_status":"closed","template":"","meta":{"_acf_changed":false,"footnotes":""},"class_list":["post-432","page","type-page","status-publish","hentry"],"acf":[],"_links":{"self":[{"href":"https:\/\/grauvila.com\/es\/wp-json\/wp\/v2\/pages\/432","targetHints":{"allow":["GET"]}}],"collection":[{"href":"https:\/\/grauvila.com\/es\/wp-json\/wp\/v2\/pages"}],"about":[{"href":"https:\/\/grauvila.com\/es\/wp-json\/wp\/v2\/types\/page"}],"author":[{"embeddable":true,"href":"https:\/\/grauvila.com\/es\/wp-json\/wp\/v2\/users\/1"}],"replies":[{"embeddable":true,"href":"https:\/\/grauvila.com\/es\/wp-json\/wp\/v2\/comments?post=432"}],"version-history":[{"count":15,"href":"https:\/\/grauvila.com\/es\/wp-json\/wp\/v2\/pages\/432\/revisions"}],"predecessor-version":[{"id":629,"href":"https:\/\/grauvila.com\/es\/wp-json\/wp\/v2\/pages\/432\/revisions\/629"}],"wp:attachment":[{"href":"https:\/\/grauvila.com\/es\/wp-json\/wp\/v2\/media?parent=432"}],"curies":[{"name":"wp","href":"https:\/\/api.w.org\/{rel}","templated":true}]}}